{"id":3359,"date":"2024-12-04T23:03:03","date_gmt":"2024-12-04T22:03:03","guid":{"rendered":"https:\/\/uat.kuznianet.stronazen.pl\/?page_id=3359"},"modified":"2025-10-02T09:48:58","modified_gmt":"2025-10-02T07:48:58","slug":"szkolenia-media-forum","status":"publish","type":"page","link":"https:\/\/kursy.lokalnemedia.org.pl\/","title":{"rendered":"Szkolenia Media Forum"},"content":{"rendered":"<p>[et_pb_section fb_built=&#8221;1&#8243; _builder_version=&#8221;4.9.1&#8243; _module_preset=&#8221;default&#8221; background_image=&#8221;http:\/\/uat.kuznianet.stronazen.pl\/wp-content\/uploads\/2024\/12\/vanilla-bear-films-JEwNQerg3Hs-unsplash-2.jpg&#8221;][et_pb_row column_structure=&#8221;1_2,1_2&#8243; _builder_version=&#8221;4.9.1&#8243; _module_preset=&#8221;default&#8221; custom_padding=&#8221;68px||49px|||&#8221;][et_pb_column type=&#8221;1_2&#8243; _builder_version=&#8221;4.9.1&#8243; _module_preset=&#8221;default&#8221;][et_pb_text _builder_version=&#8221;4.9.1&#8243; _module_preset=&#8221;default&#8221; text_font=&#8221;Lato||||||||&#8221; header_font=&#8221;Lato||||||||&#8221; header_text_color=&#8221;#FFFFFF&#8221; background_layout=&#8221;dark&#8221;]<\/p>\n<h1>Media Forum. Rozw\u00f3j lokalny<\/h1>\n<p><strong>Ucz si\u0119 od najlepszych!<\/strong><\/p>\n<p>Biblioteka multimedialnych materia\u0142\u00f3w edukacyjnych dla dziennikarzy i redaktor\u00f3w medi\u00f3w lokalnych (dost\u0119p tylko dla uczestnik\u00f3w szkole\u0144 programu \u201eMedia Forum. Rozw\u00f3j Lokalny\u201d)<\/p>\n<p>&nbsp;<\/p>\n<p>[\/et_pb_text][\/et_pb_column][et_pb_column type=&#8221;1_2&#8243; _builder_version=&#8221;4.9.1&#8243; _module_preset=&#8221;default&#8221;][\/et_pb_column][\/et_pb_row][\/et_pb_section][et_pb_section fb_built=&#8221;1&#8243; _builder_version=&#8221;4.9.1&#8243; _module_preset=&#8221;default&#8221;][et_pb_row _builder_version=&#8221;4.9.1&#8243; _module_preset=&#8221;default&#8221;][et_pb_column type=&#8221;4_4&#8243; _builder_version=&#8221;4.9.1&#8243; _module_preset=&#8221;default&#8221;][et_pb_filterable_portfolio fullwidth=&#8221;off&#8221; posts_number=&#8221;100&#8243; include_categories=&#8221;28,26,27,19&#8243; show_categories=&#8221;off&#8221; _builder_version=&#8221;4.9.1&#8243; _module_preset=&#8221;default&#8221; title_font=&#8221;Lato||||||||&#8221; title_line_height=&#8221;1.3em&#8221; hover_enabled=&#8221;0&#8243; border_radii_image=&#8221;on|11px|11px|11px|11px&#8221; box_shadow_style_image=&#8221;preset1&#8243; sticky_enabled=&#8221;0&#8243;][\/et_pb_filterable_portfolio][\/et_pb_column][\/et_pb_row][\/et_pb_section]<\/p>\n","protected":false},"excerpt":{"rendered":"<p>[et_pb_section fb_built=&#8221;1&#8243; _builder_version=&#8221;4.9.1&#8243; _module_preset=&#8221;default&#8221; background_image=&#8221;http:\/\/uat.kuznianet.stronazen.pl\/wp-content\/uploads\/2024\/12\/vanilla-bear-films-JEwNQerg3Hs-unsplash-2.jpg&#8221;][et_pb_row column_structure=&#8221;1_2,1_2&#8243; _builder_version=&#8221;4.9.1&#8243; _module_preset=&#8221;default&#8221; custom_padding=&#8221;68px||49px|||&#8221;][et_pb_column type=&#8221;1_2&#8243; _builder_version=&#8221;4.9.1&#8243; _module_preset=&#8221;default&#8221;][et_pb_text _builder_version=&#8221;4.9.1&#8243; _module_preset=&#8221;default&#8221; text_font=&#8221;Lato||||||||&#8221; header_font=&#8221;Lato||||||||&#8221; header_text_color=&#8221;#FFFFFF&#8221; background_layout=&#8221;dark&#8221;] Media Forum. Rozw\u00f3j lokalny Ucz si\u0119 od najlepszych! Biblioteka multimedialnych materia\u0142\u00f3w edukacyjnych dla dziennikarzy i redaktor\u00f3w medi\u00f3w lokalnych (dost\u0119p tylko dla uczestnik\u00f3w szkole\u0144 programu \u201eMedia Forum. Rozw\u00f3j Lokalny\u201d) &nbsp; [\/et_pb_text][\/et_pb_column][et_pb_column type=&#8221;1_2&#8243; _builder_version=&#8221;4.9.1&#8243; _module_preset=&#8221;default&#8221;][\/et_pb_column][\/et_pb_row][\/et_pb_section][et_pb_section fb_built=&#8221;1&#8243; _builder_version=&#8221;4.9.1&#8243; _module_preset=&#8221;default&#8221;][et_pb_row _builder_version=&#8221;4.9.1&#8243; [&hellip;]<\/p>\n","protected":false},"author":1,"featured_media":0,"parent":0,"menu_order":0,"comment_status":"closed","ping_status":"closed","template":"","meta":{"_et_pb_use_builder":"on","_et_pb_old_content":"","_et_gb_content_width":"","footnotes":""},"class_list":["post-3359","page","type-page","status-publish","hentry"],"_links":{"self":[{"href":"https:\/\/kursy.lokalnemedia.org.pl\/index.php?rest_route=\/wp\/v2\/pages\/3359","targetHints":{"allow":["GET"]}}],"collection":[{"href":"https:\/\/kursy.lokalnemedia.org.pl\/index.php?rest_route=\/wp\/v2\/pages"}],"about":[{"href":"https:\/\/kursy.lokalnemedia.org.pl\/index.php?rest_route=\/wp\/v2\/types\/page"}],"author":[{"embeddable":true,"href":"https:\/\/kursy.lokalnemedia.org.pl\/index.php?rest_route=\/wp\/v2\/users\/1"}],"replies":[{"embeddable":true,"href":"https:\/\/kursy.lokalnemedia.org.pl\/index.php?rest_route=%2Fwp%2Fv2%2Fcomments&post=3359"}],"version-history":[{"count":4,"href":"https:\/\/kursy.lokalnemedia.org.pl\/index.php?rest_route=\/wp\/v2\/pages\/3359\/revisions"}],"predecessor-version":[{"id":3942,"href":"https:\/\/kursy.lokalnemedia.org.pl\/index.php?rest_route=\/wp\/v2\/pages\/3359\/revisions\/3942"}],"wp:attachment":[{"href":"https:\/\/kursy.lokalnemedia.org.pl\/index.php?rest_route=%2Fwp%2Fv2%2Fmedia&parent=3359"}],"curies":[{"name":"wp","href":"https:\/\/api.w.org\/{rel}","templated":true}]}}